{"id":513,"date":"2016-02-29T13:07:38","date_gmt":"2016-02-29T12:07:38","guid":{"rendered":"https:\/\/www.locations-gites-ardeche.fr\/activites-decouverte\/?lang=de"},"modified":"2021-03-18T13:30:35","modified_gmt":"2021-03-18T12:30:35","slug":"aktivitaten-entdeckung","status":"publish","type":"page","link":"https:\/\/www.locations-gites-ardeche.fr\/de\/aktivitaten-entdeckung\/","title":{"rendered":"Aktivit\u00e4ten und Entdeckung"},"content":{"rendered":"<p><div class=\"fusion-fullwidth fullwidth-box hundred-percent-fullwidth non-hundred-percent-height-scrolling\"  style='background-color: rgba(255,255,255,0);background-position: center center;background-repeat: no-repeat;padding-top:0px;padding-right:0px;padding-bottom:0px;padding-left:0px;'><div class=\"fusion-builder-row fusion-row \"><div  class=\"fusion-layout-column fusion_builder_column fusion_builder_column_1_1  fusion-one-full fusion-column-first fusion-column-last fusion-column-no-min-height 1_1\"  style='margin-top:0px;margin-bottom:0px;'>\n\t\t\t\t\t<div class=\"fusion-column-wrapper\" style=\"padding: 0px 0px 0px 0px;background-position:left top;background-repeat:no-repeat;-webkit-background-size:cover;-moz-background-size:cover;-o-background-size:cover;background-size:cover;\"   data-bg-url=\"\">\n\t\t\t\t\t\t<div class=\"fusion-title title fusion-sep-none fusion-title-size-two\" style=\"margin-top:0px;margin-bottom:31px;\"><h2 class=\"title-heading-left\">Aktivit\u00e4ten in de Umbegung<\/h2><\/div><div class=\"fusion-clearfix\"><\/div>\n\n\t\t\t\t\t<\/div>\n\t\t\t\t<\/div><\/div><\/div><div class=\"fusion-fullwidth fullwidth-box nonhundred-percent-fullwidth non-hundred-percent-height-scrolling\"  style='background-color: rgba(255,255,255,0);background-position: left top;background-repeat: no-repeat;padding-top:20px;padding-right:0px;padding-bottom:20px;padding-left:0px;border-top-width:0px;border-bottom-width:0px;border-color:#eae9e9;border-top-style:solid;border-bottom-style:solid;'><div class=\"fusion-builder-row fusion-row \"><div  class=\"fusion-layout-column fusion_builder_column fusion_builder_column_1_2  fusion-one-half fusion-column-first 1_2\"  style='margin-top:30px;margin-bottom:20px;width:48%; margin-right: 4%;'>\n\t\t\t\t\t<div class=\"fusion-column-wrapper\" style=\"padding: 0px 0px 0px 0px;background-position:left top;background-repeat:no-repeat;-webkit-background-size:cover;-moz-background-size:cover;-o-background-size:cover;background-size:cover;\"   data-bg-url=\"\">\n\t\t\t\t\t\t<div class=\"fusion-text\"><p>Der S\u00fcden der Ard\u00e8che ist reich an malerischen D\u00f6rfern, nat\u00fcrlichen Sehensw\u00fcrdigkeiten und abwechslungsreiche Landschaft..<\/p>\n<p>Sie k\u00f6nnen Schwimmen im Fluss 2 km von dem G\u00eetes genie\u00dfen, Wanderungen, saisonale Kastanien pickings und m\u00f6glicherweise Pilz pickings.<\/p>\n<p>Die Gesch\u00e4fte, liegt 22 km von den Ferienh\u00e4usern, sind bequem mit dem ziemlich typische Touristenroute unserer Region.<\/p>\n<\/div><div class=\"fusion-clearfix\"><\/div>\n\n\t\t\t\t\t<\/div>\n\t\t\t\t<\/div><div  class=\"fusion-layout-column fusion_builder_column fusion_builder_column_1_2  fusion-one-half fusion-column-last photos-activites 1_2\"  style='margin-top:0px;margin-bottom:20px;width:48%'>\n\t\t\t\t\t<div class=\"fusion-column-wrapper\" style=\"padding: 0px 0px 0px 0px;background-position:left top;background-repeat:no-repeat;-webkit-background-size:cover;-moz-background-size:cover;-o-background-size:cover;background-size:cover;\"   data-bg-url=\"\">\n\t\t\t\t\t\t<span class=\"fusion-imageframe imageframe-none imageframe-1 hover-type-none\"><a href=\"https:\/\/www.locations-gites-ardeche.fr\/wp-content\/uploads\/2016\/03\/balazuc.jpg\" class=\"fusion-lightbox\" data-rel=\"iLightbox[dfc9d55a3ea83e0b27f]\" data-title=\"Balazuc\" title=\"Balazuc\"><img decoding=\"async\" loading=\"lazy\" src=\"https:\/\/www.locations-gites-ardeche.fr\/wp-content\/uploads\/2016\/03\/balazuc-300x300.jpg\" width=\"300\" height=\"300\" alt=\"\" class=\"img-responsive wp-image-1060\"\/><\/a><\/span><span class=\"fusion-imageframe imageframe-none imageframe-2 hover-type-none\"><a href=\"https:\/\/www.locations-gites-ardeche.fr\/wp-content\/uploads\/2016\/03\/ray-pic.jpg\" class=\"fusion-lightbox\" data-rel=\"iLightbox[7d2a58c4b0bd68a87af]\" data-title=\"La cascade du Ray-Pic\" title=\"La cascade du Ray-Pic\"><img decoding=\"async\" loading=\"lazy\" src=\"https:\/\/www.locations-gites-ardeche.fr\/wp-content\/uploads\/2016\/03\/ray-pic-300x300.jpg\" width=\"300\" height=\"300\" alt=\"\" class=\"img-responsive wp-image-1075\"\/><\/a><\/span><div class=\"fusion-clearfix\"><\/div>\n\n\t\t\t\t\t<\/div>\n\t\t\t\t<\/div><\/div><\/div><div class=\"fusion-fullwidth fullwidth-box hundred-percent-fullwidth non-hundred-percent-height-scrolling\"  style='background-color: rgba(255,255,255,0);background-position: center center;background-repeat: no-repeat;padding-top:0px;padding-right:0px;padding-bottom:0px;padding-left:0px;'><div class=\"fusion-builder-row fusion-row \"><div  class=\"fusion-layout-column fusion_builder_column fusion_builder_column_1_1  fusion-one-full fusion-column-first fusion-column-last fusion-column-no-min-height 1_1\"  style='margin-top:0px;margin-bottom:0px;'>\n\t\t\t\t\t<div class=\"fusion-column-wrapper\" style=\"padding: 0px 0px 0px 0px;background-position:left top;background-repeat:no-repeat;-webkit-background-size:cover;-moz-background-size:cover;-o-background-size:cover;background-size:cover;\"   data-bg-url=\"\">\n\t\t\t\t\t\t<div class=\"fusion-title title fusion-sep-none fusion-title-size-two\" style=\"margin-top:0px;margin-bottom:31px;\"><h2 class=\"title-heading-left\">Entdecken Sie die Region<\/h2><\/div><div class=\"fusion-clearfix\"><\/div>\n\n\t\t\t\t\t<\/div>\n\t\t\t\t<\/div><\/div><\/div><div class=\"fusion-fullwidth fullwidth-box nonhundred-percent-fullwidth non-hundred-percent-height-scrolling\"  style='background-color: rgba(255,255,255,0);background-position: left top;background-repeat: no-repeat;padding-top:20px;padding-right:0px;padding-bottom:20px;padding-left:0px;border-top-width:0px;border-bottom-width:0px;border-color:#eae9e9;border-top-style:solid;border-bottom-style:solid;'><div class=\"fusion-builder-row fusion-row \"><div  class=\"fusion-layout-column fusion_builder_column fusion_builder_column_1_3  fusion-one-third fusion-column-first 1_3\"  style='margin-top:0px;margin-bottom:20px;width:30.6666%; margin-right: 4%;'>\n\t\t\t\t\t<div class=\"fusion-column-wrapper\" style=\"padding: 0px 0px 0px 0px;background-position:left top;background-repeat:no-repeat;-webkit-background-size:cover;-moz-background-size:cover;-o-background-size:cover;background-size:cover;\"   data-bg-url=\"\">\n\t\t\t\t\t\t<div class=\"fusion-text\"><ul>\n<li>Der Mont Gerbier de Jonc<\/li>\n<li>Der Mont M\u00e9zenc<\/li>\n<li>Der Massif du Tanargue<\/li>\n<li>Der Pa\u00efolive Wald<\/li>\n<li>Die Ard\u00e8che Schluchten<\/li>\n<li>Der Pont d&#8217;Arc (nat\u00fcrlichen Bogen)<\/li>\n<li>Die H\u00f6hle von La Cocali\u00e8re<\/li>\n<li>Die Grotte Chauvet<\/li>\n<\/ul>\n<\/div><div class=\"fusion-clearfix\"><\/div>\n\n\t\t\t\t\t<\/div>\n\t\t\t\t<\/div><div  class=\"fusion-layout-column fusion_builder_column fusion_builder_column_2_3  fusion-two-third fusion-column-last photos-activites 2_3\"  style='margin-top:0px;margin-bottom:20px;width:65.3333%'>\n\t\t\t\t\t<div class=\"fusion-column-wrapper\" style=\"padding: 0px 0px 0px 0px;background-position:left top;background-repeat:no-repeat;-webkit-background-size:cover;-moz-background-size:cover;-o-background-size:cover;background-size:cover;\"   data-bg-url=\"\">\n\t\t\t\t\t\t<span class=\"fusion-imageframe imageframe-none imageframe-3 hover-type-none\"><a href=\"https:\/\/www.locations-gites-ardeche.fr\/wp-content\/uploads\/2016\/03\/gerbier-de-jonc.jpg\" class=\"fusion-lightbox\" data-rel=\"iLightbox[283e0b9cfc90e384114]\" data-title=\"Le Mont Gerbier de jonc\" title=\"Le Mont Gerbier de jonc\"><img decoding=\"async\" loading=\"lazy\" src=\"https:\/\/www.locations-gites-ardeche.fr\/wp-content\/uploads\/2016\/03\/gerbier-de-jonc-300x300.jpg\" width=\"300\" height=\"300\" alt=\"\" class=\"img-responsive wp-image-1078\"\/><\/a><\/span><span class=\"fusion-imageframe imageframe-none imageframe-4 hover-type-none\"><a href=\"https:\/\/www.locations-gites-ardeche.fr\/wp-content\/uploads\/2016\/03\/caverne-pont-d-arc.jpg\" class=\"fusion-lightbox\" data-rel=\"iLightbox[9e20284f62531fa72be]\" data-title=\"Grotte Chauvet 2\" title=\"Grotte Chauvet 2\"><img decoding=\"async\" loading=\"lazy\" src=\"https:\/\/www.locations-gites-ardeche.fr\/wp-content\/uploads\/2016\/03\/caverne-pont-d-arc-300x300.jpg\" width=\"300\" height=\"300\" alt=\"Grotte Chauvet 2\" class=\"img-responsive wp-image-1072\"\/><\/a><\/span><span class=\"fusion-imageframe imageframe-none imageframe-5 hover-type-none\"><a href=\"https:\/\/www.locations-gites-ardeche.fr\/wp-content\/uploads\/2016\/03\/pont-d-arc.jpg\" class=\"fusion-lightbox\" data-rel=\"iLightbox[e1033fa2cd50eecefe4]\" data-title=\"Le Pont d&#8217;Arc\" title=\"Le Pont d&#8217;Arc\"><img decoding=\"async\" loading=\"lazy\" src=\"https:\/\/www.locations-gites-ardeche.fr\/wp-content\/uploads\/2016\/03\/pont-d-arc-300x300.jpg\" width=\"300\" height=\"300\" alt=\"\" class=\"img-responsive wp-image-1063\"\/><\/a><\/span><div class=\"fusion-clearfix\"><\/div>\n\n\t\t\t\t\t<\/div>\n\t\t\t\t<\/div><\/div><\/div><div class=\"fusion-fullwidth fullwidth-box hundred-percent-fullwidth non-hundred-percent-height-scrolling\"  style='background-color: rgba(255,255,255,0);background-position: center center;background-repeat: no-repeat;padding-top:0px;padding-right:0px;padding-bottom:0px;padding-left:0px;'><div class=\"fusion-builder-row fusion-row \"><div  class=\"fusion-layout-column fusion_builder_column fusion_builder_column_1_1  fusion-one-full fusion-column-first fusion-column-last fusion-column-no-min-height 1_1\"  style='margin-top:0px;margin-bottom:0px;'>\n\t\t\t\t\t<div class=\"fusion-column-wrapper\" style=\"padding: 0px 0px 0px 0px;background-position:left top;background-repeat:no-repeat;-webkit-background-size:cover;-moz-background-size:cover;-o-background-size:cover;background-size:cover;\"   data-bg-url=\"\">\n\t\t\t\t\t\t<div class=\"fusion-title title fusion-sep-none fusion-title-size-two\" style=\"margin-top:0px;margin-bottom:31px;\"><h2 class=\"title-heading-left\">In der direkten Umgebung finden Sie<\/h2><\/div><div class=\"fusion-clearfix\"><\/div>\n\n\t\t\t\t\t<\/div>\n\t\t\t\t<\/div><\/div><\/div><div class=\"fusion-fullwidth fullwidth-box nonhundred-percent-fullwidth non-hundred-percent-height-scrolling\"  style='background-color: rgba(255,255,255,0);background-position: left top;background-repeat: no-repeat;padding-top:20px;padding-right:0px;padding-bottom:20px;padding-left:0px;border-top-width:0px;border-bottom-width:0px;border-color:#eae9e9;border-top-style:solid;border-bottom-style:solid;'><div class=\"fusion-builder-row fusion-row \"><div  class=\"fusion-layout-column fusion_builder_column fusion_builder_column_2_5  fusion-two-fifth fusion-column-first 2_5\"  style='margin-top:0px;margin-bottom:20px;width:37.6%; margin-right: 4%;'>\n\t\t\t\t\t<div class=\"fusion-column-wrapper\" style=\"padding: 0px 0px 0px 0px;background-position:left top;background-repeat:no-repeat;-webkit-background-size:cover;-moz-background-size:cover;-o-background-size:cover;background-size:cover;\"   data-bg-url=\"\">\n\t\t\t\t\t\t<div class=\"fusion-text\"><ul>\n<li>Ausritte zu Pferd, auf 16 km<\/li>\n<li>Canyoning<\/li>\n<li>Kanufahren auf dem Fluss Ard\u00e8che 35 km<\/li>\n<li>Kletterei<\/li>\n<li>Mountainbike<\/li>\n<\/ul>\n<\/div><div class=\"fusion-clearfix\"><\/div>\n\n\t\t\t\t\t<\/div>\n\t\t\t\t<\/div><div  class=\"fusion-layout-column fusion_builder_column fusion_builder_column_3_5  fusion-three-fifth fusion-column-last photos-activites 3_5\"  style='margin-top:0px;margin-bottom:20px;width:58.4%'>\n\t\t\t\t\t<div class=\"fusion-column-wrapper\" style=\"padding: 0px 0px 0px 0px;background-position:left top;background-repeat:no-repeat;-webkit-background-size:cover;-moz-background-size:cover;-o-background-size:cover;background-size:cover;\"   data-bg-url=\"\">\n\t\t\t\t\t\t<span class=\"fusion-imageframe imageframe-none imageframe-6 hover-type-none\"><a href=\"https:\/\/www.locations-gites-ardeche.fr\/wp-content\/uploads\/2016\/03\/canoe.jpg\" class=\"fusion-lightbox\" data-rel=\"iLightbox[70d999a14bf82cffe23]\" data-title=\"Canoe\" title=\"Canoe\"><img decoding=\"async\" loading=\"lazy\" src=\"https:\/\/www.locations-gites-ardeche.fr\/wp-content\/uploads\/2016\/03\/canoe-300x300.jpg\" width=\"300\" height=\"300\" alt=\"\" class=\"img-responsive wp-image-1069\"\/><\/a><\/span><span class=\"fusion-imageframe imageframe-none imageframe-7 hover-type-none\"><a href=\"https:\/\/www.locations-gites-ardeche.fr\/wp-content\/uploads\/2016\/03\/escalade.jpg\" class=\"fusion-lightbox\" data-rel=\"iLightbox[67dd619619d606b10b4]\" data-title=\"Escalade\" title=\"Escalade\"><img decoding=\"async\" loading=\"lazy\" src=\"https:\/\/www.locations-gites-ardeche.fr\/wp-content\/uploads\/2016\/03\/escalade-300x300.jpg\" width=\"300\" height=\"300\" alt=\"\" class=\"img-responsive wp-image-1066\"\/><\/a><\/span><div class=\"fusion-clearfix\"><\/div>\n\n\t\t\t\t\t<\/div>\n\t\t\t\t<\/div><\/div><\/div><\/p>\n","protected":false},"excerpt":{"rendered":"","protected":false},"author":1,"featured_media":0,"parent":0,"menu_order":0,"comment_status":"closed","ping_status":"closed","template":"","meta":[],"_links":{"self":[{"href":"https:\/\/www.locations-gites-ardeche.fr\/de\/wp-json\/wp\/v2\/pages\/513"}],"collection":[{"href":"https:\/\/www.locations-gites-ardeche.fr\/de\/wp-json\/wp\/v2\/pages"}],"about":[{"href":"https:\/\/www.locations-gites-ardeche.fr\/de\/wp-json\/wp\/v2\/types\/page"}],"author":[{"embeddable":true,"href":"https:\/\/www.locations-gites-ardeche.fr\/de\/wp-json\/wp\/v2\/users\/1"}],"replies":[{"embeddable":true,"href":"https:\/\/www.locations-gites-ardeche.fr\/de\/wp-json\/wp\/v2\/comments?post=513"}],"version-history":[{"count":8,"href":"https:\/\/www.locations-gites-ardeche.fr\/de\/wp-json\/wp\/v2\/pages\/513\/revisions"}],"predecessor-version":[{"id":1302,"href":"https:\/\/www.locations-gites-ardeche.fr\/de\/wp-json\/wp\/v2\/pages\/513\/revisions\/1302"}],"wp:attachment":[{"href":"https:\/\/www.locations-gites-ardeche.fr\/de\/wp-json\/wp\/v2\/media?parent=513"}],"curies":[{"name":"wp","href":"https:\/\/api.w.org\/{rel}","templated":true}]}}